{"id":8987,"date":"2017-07-31T20:47:48","date_gmt":"2017-07-31T22:47:48","guid":{"rendered":"http:\/\/www.cdlbc.com.br\/portal\/?page_id=8987"},"modified":"2019-01-24T00:03:03","modified_gmt":"2019-01-24T02:03:03","slug":"varejo-em-pauta","status":"publish","type":"page","link":"https:\/\/www.cdlbc.com.br\/portal\/varejo-em-pauta\/","title":{"rendered":"Podcast Varejo em Pauta"},"content":{"rendered":"<div class=\"wpb-content-wrapper\"><p>[vc_row][vc_column][vc_empty_space][\/vc_column][\/vc_row][vc_row][vc_column][vc_column_text]Seja bem-vindo ao podcast Varejo em Pauta. Um programa que aborda experi\u00eancias, conhecimento e boas pr\u00e1ticas do varejo, agora dispon\u00edvel integralmente no site da CDL Balne\u00e1rio Cambori\u00fa. O conte\u00fado \u00e9 produzido pela coordenadora de Marketing da CDL de Crici\u00fama, L\u00facia B\u00farigo, em parceria com a Federa\u00e7\u00e3o das C\u00e2maras de Dirigentes Lojistas de Santa Catarina (FCDL\/SC).<\/p>\n<p>Aqui no Varejo em Pauta, voc\u00ea ter\u00e1 acesso semanalmente a um \u00e1udio que se prop\u00f5e a compartilhar experi\u00eancias e conhecimentos. Em at\u00e9 3 minutos, de modo simples e acess\u00edvel, a FCDL\/SC apresentar\u00e1 informa\u00e7\u00f5es que visam oferecer alternativas para o empres\u00e1rio associado da CDL melhorar a performance do seu neg\u00f3cio, disseminar boas pr\u00e1ticas de varejo e transmitir est\u00edmulos para o bom desempenho de suas atividades.<\/p>\n<h4>Varejo em Pauta 4<\/h4>\n<p><iframe loading=\"lazy\" src=\"https:\/\/w.soundcloud.com\/player\/?url=https%3A\/\/api.soundcloud.com\/playlists\/543007611&amp;color=%231f6e87&amp;auto_play=false&amp;hide_related=false&amp;show_comments=true&amp;show_user=true&amp;show_reposts=false&amp;show_teaser=true\" width=\"100%\" height=\"450\" frameborder=\"no\" scrolling=\"no\"><\/iframe><\/p>\n<h4>Varejo em Pauta 3<\/h4>\n<p><iframe loading=\"lazy\" src=\"https:\/\/w.soundcloud.com\/player\/?url=https%3A\/\/api.soundcloud.com\/playlists\/482701812&amp;color=%231f6e87&amp;auto_play=false&amp;hide_related=false&amp;show_comments=true&amp;show_user=true&amp;show_reposts=false&amp;show_teaser=true\" width=\"100%\" height=\"450\" frameborder=\"no\" scrolling=\"no\"><\/iframe><\/p>\n<h4>Varejo em Pauta 2<\/h4>\n<p><iframe loading=\"lazy\" src=\"https:\/\/w.soundcloud.com\/player\/?url=https%3A\/\/api.soundcloud.com\/playlists\/361194487&amp;color=%231f6e87&amp;auto_play=false&amp;hide_related=false&amp;show_comments=true&amp;show_user=true&amp;show_reposts=false&amp;show_teaser=true\" width=\"100%\" height=\"450\" frameborder=\"no\" scrolling=\"no\"><\/iframe><\/p>\n<h4>Varejo em Pauta 1<\/h4>\n<p><iframe loading=\"lazy\" src=\"https:\/\/w.soundcloud.com\/player\/?url=https%3A\/\/api.soundcloud.com\/playlists\/341884120&amp;color=%231f6e87&amp;auto_play=false&amp;hide_related=false&amp;show_comments=true&amp;show_user=true&amp;show_reposts=false&amp;show_teaser=true\" width=\"100%\" height=\"450\" frameborder=\"no\" scrolling=\"no\"><\/iframe>[\/vc_column_text][\/vc_column][\/vc_row]<\/p>\n<\/div>","protected":false},"excerpt":{"rendered":"<p>[vc_row][vc_column][vc_empty_space][\/vc_column][\/vc_row][vc_row][vc_column][vc_column_text]Seja bem-vindo ao podcast Varejo em Pauta. Um programa que aborda experi\u00eancias, conhecimento e boas pr\u00e1ticas do varejo, agora dispon\u00edvel integralmente no site da CDL Balne\u00e1rio Cambori\u00fa. O conte\u00fado \u00e9 produzido pela coordenadora de Marketing da CDL de Crici\u00fama, L\u00facia B\u00farigo, em parceria com a Federa\u00e7\u00e3o das C\u00e2maras de Dirigentes Lojistas de Santa Catarina (FCDL\/SC). [&hellip;]<\/p>\n","protected":false},"author":1,"featured_media":0,"parent":0,"menu_order":0,"comment_status":"closed","ping_status":"closed","template":"","meta":{"footnotes":""},"class_list":["post-8987","page","type-page","status-publish","hentry","no-post-thumbnail"],"_links":{"self":[{"href":"https:\/\/www.cdlbc.com.br\/portal\/wp-json\/wp\/v2\/pages\/8987","targetHints":{"allow":["GET"]}}],"collection":[{"href":"https:\/\/www.cdlbc.com.br\/portal\/wp-json\/wp\/v2\/pages"}],"about":[{"href":"https:\/\/www.cdlbc.com.br\/portal\/wp-json\/wp\/v2\/types\/page"}],"author":[{"embeddable":true,"href":"https:\/\/www.cdlbc.com.br\/portal\/wp-json\/wp\/v2\/users\/1"}],"replies":[{"embeddable":true,"href":"https:\/\/www.cdlbc.com.br\/portal\/wp-json\/wp\/v2\/comments?post=8987"}],"version-history":[{"count":12,"href":"https:\/\/www.cdlbc.com.br\/portal\/wp-json\/wp\/v2\/pages\/8987\/revisions"}],"predecessor-version":[{"id":10466,"href":"https:\/\/www.cdlbc.com.br\/portal\/wp-json\/wp\/v2\/pages\/8987\/revisions\/10466"}],"wp:attachment":[{"href":"https:\/\/www.cdlbc.com.br\/portal\/wp-json\/wp\/v2\/media?parent=8987"}],"curies":[{"name":"wp","href":"https:\/\/api.w.org\/{rel}","templated":true}]}}