{"id":4061,"date":"2014-09-29T18:54:36","date_gmt":"2014-09-29T18:54:36","guid":{"rendered":"http:\/\/www.cdlbc.com.br\/portal\/?page_id=4061"},"modified":"2024-05-06T11:33:14","modified_gmt":"2024-05-06T13:33:14","slug":"certificacao-digital","status":"publish","type":"page","link":"https:\/\/www.cdlbc.com.br\/portal\/certificacao-digital\/","title":{"rendered":"Certifica\u00e7\u00e3o Digital"},"content":{"rendered":"<div class=\"wpb-content-wrapper\"><p>[vc_row css=&#8221;.vc_custom_1557152233110{padding-top: 40px !important;}&#8221;][vc_column width=&#8221;1\/2&#8243;][vc_btn title=&#8221;CHAME NO WHATSAPP&#8221; color=&#8221;green&#8221; align=&#8221;center&#8221; i_icon_fontawesome=&#8221;fab fa-whatsapp&#8221; button_block=&#8221;true&#8221; add_icon=&#8221;true&#8221; link=&#8221;url:https%3A%2F%2Fwa.me%2F554732613307&#8243; css=&#8221;.vc_custom_1715002392007{margin-bottom: 10px !important;}&#8221;][vc_column_text]\n<div class=\"wpcf7 no-js\" id=\"wpcf7-f12408-o1\" lang=\"pt-BR\" dir=\"ltr\">\n<div class=\"screen-reader-response\"><p role=\"status\" aria-live=\"polite\" aria-atomic=\"true\"><\/p> <ul><\/ul><\/div>\n<form action=\"\/portal\/wp-json\/wp\/v2\/pages\/4061#wpcf7-f12408-o1\" method=\"post\" class=\"wpcf7-form init\" aria-label=\"Formul\u00e1rios de contato\" novalidate=\"novalidate\" data-status=\"init\">\n<div style=\"display: none;\">\n<input type=\"hidden\" name=\"_wpcf7\" value=\"12408\" \/>\n<input type=\"hidden\" name=\"_wpcf7_version\" value=\"5.9.6\" \/>\n<input type=\"hidden\" name=\"_wpcf7_locale\" value=\"pt_BR\" \/>\n<input type=\"hidden\" name=\"_wpcf7_unit_tag\" value=\"wpcf7-f12408-o1\" \/>\n<input type=\"hidden\" name=\"_wpcf7_container_post\" value=\"0\" \/>\n<input type=\"hidden\" name=\"_wpcf7_posted_data_hash\" value=\"\" \/>\n<\/div>\n<p><span class=\"wpcf7-form-control-wrap\" data-name=\"seunome\"><input size=\"40\" maxlength=\"80\" class=\"wpcf7-form-control wpcf7-text wpcf7-validates-as-required\" aria-required=\"true\" aria-invalid=\"false\" placeholder=\"Nome (obrigat\u00f3rio)\" value=\"\" type=\"text\" name=\"seunome\" \/><\/span>\n<\/p>\n<p><span class=\"wpcf7-form-control-wrap\" data-name=\"seumail\"><input size=\"40\" maxlength=\"80\" class=\"wpcf7-form-control wpcf7-text wpcf7-validates-as-required\" aria-required=\"true\" aria-invalid=\"false\" placeholder=\"E-mail (obrigat\u00f3rio)\" value=\"\" type=\"text\" name=\"seumail\" \/><\/span>\n<\/p>\n<p><span class=\"wpcf7-form-control-wrap\" data-name=\"telefone\"><input size=\"40\" maxlength=\"80\" class=\"wpcf7-form-control wpcf7-tel wpcf7-validates-as-required wpcf7-text wpcf7-validates-as-tel\" aria-required=\"true\" aria-invalid=\"false\" placeholder=\"Telefone (obrigat\u00f3rio)\" value=\"\" type=\"tel\" name=\"telefone\" \/><\/span>\n<\/p>\n<p>Modelo de Certificado <span class=\"wpcf7-form-control-wrap\" data-name=\"certificado\"><select class=\"wpcf7-form-control wpcf7-select\" aria-invalid=\"false\" name=\"certificado\"><option value=\"\">&#8212;Escolha uma op\u00e7\u00e3o&#8212;<\/option><option value=\"E-CPF A1\">E-CPF A1<\/option><option value=\"E-CPF A3 + CART\u00c3O\">E-CPF A3 + CART\u00c3O<\/option><option value=\"E-CPF A3 + TOKEN\">E-CPF A3 + TOKEN<\/option><option value=\"E-CNPJ A1\">E-CNPJ A1<\/option><option value=\"E-CNPJ A3 + CART\u00c3O\">E-CNPJ A3 + CART\u00c3O<\/option><option value=\"E-CNPJ A3 + TOKEN\">E-CNPJ A3 + TOKEN<\/option><option value=\"E-ADVOGADO A3\">E-ADVOGADO A3<\/option><option value=\"E-ADVOGADO A3 + TOKEN\">E-ADVOGADO A3 + TOKEN<\/option><option value=\"OUTRO\">OUTRO<\/option><\/select><\/span>\n<\/p>\n<p><input class=\"wpcf7-form-control wpcf7-submit has-spinner\" type=\"submit\" value=\"Enviar\" \/>\n<\/p><div class=\"wpcf7-response-output\" aria-hidden=\"true\"><\/div>\n<\/form>\n<\/div>\n<p>&nbsp;<\/p>\n<address>Nosso consultor agendar\u00e1 uma visita em at\u00e9 24 horas<\/address>\n<p>[\/vc_column_text][\/vc_column][vc_column width=&#8221;1\/2&#8243;][vc_column_text]<\/p>\n<h4>Certificado Digital com a credibilidade de quem est\u00e1 a mais de 40 anos trabalhando por Balne\u00e1rio Cambori\u00fa<\/h4>\n<p>A CERTIFICA\u00c7\u00c3O DIGITAL \u00e9 um documento eletr\u00f4nico seguro que identifica uma empresa ou uma pessoa, permitindo ao usu\u00e1rio comunicar e efetuar transa\u00e7\u00f5es eletr\u00f4nicas de forma r\u00e1pida, sigilosa e com validade jur\u00eddica.<br \/>\nProcure a CDL para mais informa\u00e7\u00f5es![\/vc_column_text][vc_row_inner css=&#8221;.vc_custom_1578409370461{padding-top: 30px !important;padding-bottom: 30px !important;}&#8221;][vc_column_inner][vc_separator border_width=&#8221;2&#8243;][\/vc_column_inner][\/vc_row_inner][\/vc_column][\/vc_row]<\/p>\n<\/div>","protected":false},"excerpt":{"rendered":"<p>[vc_row css=&#8221;.vc_custom_1557152233110{padding-top: 40px !important;}&#8221;][vc_column width=&#8221;1\/2&#8243;][vc_btn title=&#8221;CHAME NO WHATSAPP&#8221; color=&#8221;green&#8221; align=&#8221;center&#8221; i_icon_fontawesome=&#8221;fab fa-whatsapp&#8221; button_block=&#8221;true&#8221; add_icon=&#8221;true&#8221; link=&#8221;url:https%3A%2F%2Fwa.me%2F554732613307&#8243; css=&#8221;.vc_custom_1715002392007{margin-bottom: 10px !important;}&#8221;][vc_column_text] &nbsp; Nosso consultor agendar\u00e1 uma visita em at\u00e9 24 horas [\/vc_column_text][\/vc_column][vc_column width=&#8221;1\/2&#8243;][vc_column_text] Certificado Digital com a credibilidade de quem est\u00e1 a mais de 40 anos trabalhando por Balne\u00e1rio Cambori\u00fa A CERTIFICA\u00c7\u00c3O DIGITAL \u00e9 um documento eletr\u00f4nico seguro [&hellip;]<\/p>\n","protected":false},"author":1,"featured_media":0,"parent":0,"menu_order":0,"comment_status":"closed","ping_status":"open","template":"","meta":{"footnotes":""},"class_list":["post-4061","page","type-page","status-publish","hentry","no-post-thumbnail"],"_links":{"self":[{"href":"https:\/\/www.cdlbc.com.br\/portal\/wp-json\/wp\/v2\/pages\/4061","targetHints":{"allow":["GET"]}}],"collection":[{"href":"https:\/\/www.cdlbc.com.br\/portal\/wp-json\/wp\/v2\/pages"}],"about":[{"href":"https:\/\/www.cdlbc.com.br\/portal\/wp-json\/wp\/v2\/types\/page"}],"author":[{"embeddable":true,"href":"https:\/\/www.cdlbc.com.br\/portal\/wp-json\/wp\/v2\/users\/1"}],"replies":[{"embeddable":true,"href":"https:\/\/www.cdlbc.com.br\/portal\/wp-json\/wp\/v2\/comments?post=4061"}],"version-history":[{"count":27,"href":"https:\/\/www.cdlbc.com.br\/portal\/wp-json\/wp\/v2\/pages\/4061\/revisions"}],"predecessor-version":[{"id":13906,"href":"https:\/\/www.cdlbc.com.br\/portal\/wp-json\/wp\/v2\/pages\/4061\/revisions\/13906"}],"wp:attachment":[{"href":"https:\/\/www.cdlbc.com.br\/portal\/wp-json\/wp\/v2\/media?parent=4061"}],"curies":[{"name":"wp","href":"https:\/\/api.w.org\/{rel}","templated":true}]}}