{"id":14114,"date":"2025-04-30T16:39:39","date_gmt":"2025-04-30T18:39:39","guid":{"rendered":"https:\/\/www.cdlbc.com.br\/portal\/?page_id=14114"},"modified":"2025-08-28T12:43:06","modified_gmt":"2025-08-28T14:43:06","slug":"narotadasorte","status":"publish","type":"page","link":"https:\/\/www.cdlbc.com.br\/portal\/narotadasorte\/","title":{"rendered":"Na Rota da Sorte"},"content":{"rendered":"<div class=\"wpb-content-wrapper\"><p>[vc_row full_width=&#8221;stretch_row_content_no_spaces&#8221; css=&#8221;.vc_custom_1746038729027{padding-right: 0px !important;padding-left: 0px !important;background-color: #021E46 !important;}&#8221;][vc_column][vc_single_image image=&#8221;14168&#8243; img_size=&#8221;full&#8221; alignment=&#8221;center&#8221; css=&#8221;&#8221;][\/vc_column][\/vc_row][vc_row css=&#8221;.vc_custom_1638459027767{margin-top: 30px !important;margin-bottom: 30px !important;}&#8221;][vc_column width=&#8221;1\/2&#8243;][vc_video link=&#8221;https:\/\/www.youtube.com\/watch?v=rc-JX1QANRQ&#8221; css=&#8221;&#8221;][vc_row_inner css=&#8221;.vc_custom_1636508802737{margin-top: 20px !important;}&#8221;][vc_column_inner][vc_column_text css=&#8221;&#8221;]<\/p>\n<h3><strong>PER\u00cdODO<\/strong><\/h3>\n<p><strong>01 DE JUNHO A 31 DE AGOSTO DE 2025<br \/>\n<\/strong><\/p>\n<h3><strong>SORTEIO EM 14 DE SETEMBRO<\/strong><\/h3>\n<p><strong>V\u00e9spera do Dia do Cliente com um grande show na orla de Balne\u00e1rio Cambori\u00fa!<\/strong>[\/vc_column_text][\/vc_column_inner][\/vc_row_inner][\/vc_column][vc_column width=&#8221;1\/2&#8243; css=&#8221;.vc_custom_1638462553041{padding-top: 20px !important;padding-bottom: 20px !important;background-color: #f9f9f9 !important;}&#8221;][vc_column_text css=&#8221;&#8221;]<\/p>\n<h3><strong>VEJA A LISTA DAS EMPRESAS PARTICIPANTES<\/strong><\/h3>\n<p>A CASA DO PET<br \/>\nA3 M\u00d3VEIS<br \/>\nACTIVITY ELEVADORES<br \/>\nACUIDAR BC<br \/>\nAD LUGUE IM\u00d3VEIS<br \/>\nADICON<br \/>\nAGUA DO VALE PISCINAS<br \/>\nALEXANDRA PEDERSEN<br \/>\nALLITA COLCH\u00d5ES<br \/>\nALTEMBURG<br \/>\nALVARO ALVES IM\u00d3VEIS<br \/>\nAP IM\u00d3VEIS<br \/>\nAPOLO<br \/>\nAST SERVI\u00c7O E SEGURAN\u00c7A<br \/>\nATACADO PAVAN<br \/>\nAUTO MEC\u00c2NICA CENTER<br \/>\nAUTO MEC\u00c2NICA SANTA CATARINA<br \/>\nB.ONE<br \/>\nBC SOLU\u00c7\u00d5ES EM GASTRONOMIA<br \/>\nBEINC IM\u00d3VEIS<br \/>\nBELLA ATACADO<br \/>\nBESIM CONTABILIDADE<br \/>\nBESTGRAF<br \/>\nBHASCARA INVESTIMENTOS IMOBILI\u00c1RIOS<br \/>\nBIRO ERRE<br \/>\nBOGONI ALUMINIOS<br \/>\nBOM TEMPO<br \/>\nBOUTIQUE MAIA CRISTINA<br \/>\nBRANDS LIFE<br \/>\nBRASIL SUL SELF STORAGE<br \/>\nBRODAZA IM\u00d3VEIS<br \/>\nBSD CAMBORI\u00da<br \/>\nCAMVEL<br \/>\nCARMEN CAL\u00c7ADOS<br \/>\nCARMEN CONFEC\u00c7\u00d5ES<br \/>\nCARMEN SPORTS<br \/>\nCAROLINE DOS SANTOS GOMES PARODI<br \/>\nCASA DA CARNE AVENIDA<br \/>\nCASA DAS CHAVES E FECHADURAS<br \/>\nCASA DOS PARAFUSOS<br \/>\nCASAR\u00c3O RESTAURANTE<br \/>\nCASAS DA \u00c1GUA<br \/>\nCCS CAMBORIU CABLE SYSTEM<br \/>\nCELD<br \/>\nCELEBRE IM\u00d3VEIS<br \/>\nCENTRAL DE EXAMES<br \/>\nCLIOMED<br \/>\nCOL\u00c9GIO ANGLO BALNE\u00c1RIO<br \/>\nCOL\u00c9GIO ENERGIA<br \/>\nCOLORMIX TINTAS<br \/>\nCOMBINARE ACABAMENTOS<br \/>\nCOMERCIAL TAI\u00d3<br \/>\nCONJEL CONTABILIDADE<br \/>\nCONJEL CONTABILIDADE<br \/>\nCONQUIST ODONTOLOGIA<br \/>\nCONSTRUCOLOR<br \/>\nCONSTRUSAT<br \/>\nCONSTRUTORA MELO<br \/>\nCONTABILIDADE KARRER<br \/>\nCONTABILIDADE LUZ<br \/>\nCONTABILIDADE PORT SKAR<br \/>\nCONTABILIDADE PROGRESSO<br \/>\nCONTRA FOGO ITAJAI<br \/>\nCOPIA &amp; CIA<br \/>\nCOREMMA<br \/>\nCRIARE AMBIENTES PLANEJADOS<br \/>\nCUIDAR CLINICA DE ESPECIALIDADES<br \/>\nCYBERINFO<br \/>\nD. MARKET SUPERMERCADOS<br \/>\nDALFOVO VE\u00cdCULOS<br \/>\nDATAPESO<br \/>\nDE ANGELINA<br \/>\nDE BONA MATERIAIS DE CONSTRU\u00c7\u00c3O<br \/>\nD\u00c9CIO IM\u00d3VEIS<br \/>\nDECORE FESTAS<br \/>\nDECORTEC TINTAS<br \/>\nDELLI DIVINOS<br \/>\nDELTA ADMINISTRADORA<br \/>\nDELTAMAR<br \/>\nDERYAN AMBIENT HOUSE<br \/>\nDESC IM\u00d3VEIS<br \/>\nDIFORO<br \/>\nDIVINO REPRESENTA\u00c7\u00c3O<br \/>\nDOCTOR FIT<br \/>\nDOM JO\u00c3O MAGAZINE<br \/>\nDROGARIA MAFRA<br \/>\nDUMAR EMBALAGENS<br \/>\nDVR COM\u00c9RCIO MOTOS<br \/>\nECOVILLE BC<br \/>\nEDUCAVET<br \/>\nELITE ESTACIONAMENTO E LAVA\u00c7\u00c3O<br \/>\nEMP\u00d3RIO KM<br \/>\nEQUIPAFACIL<br \/>\nESCOLA MARGIRUS<br \/>\nESPA\u00c7O CAROLINA EVENTOS<br \/>\nEUROVIP NOBILE<br \/>\nEVIDENCE<br \/>\nEVIDENTE ODONTOCONCEPT<br \/>\nEVS CONTABILIDADE<br \/>\nFARMAPAR FARMACIA<br \/>\nFERNANDO NEVES DA SILVA<br \/>\nFLAMINGO<br \/>\nFLORATA<br \/>\nFM COM\u00c9RCIO DE CHAVES<br \/>\nFN IM\u00d3VEIS<br \/>\nFONTE DA AGUA<br \/>\nFOR LIFE SCHOOL<br \/>\nG FLOR COZINHA AFETIVA<br \/>\nGASTROMAX<br \/>\nGERSON CAR<br \/>\nGET IT SCHOOL<br \/>\nGLOBO MAQUINAS DE COSTURA<br \/>\nGOLEMBAS<br \/>\nGPC EMPREENDIMENTOS<br \/>\nGPC EMPREENDIMENTOS<br \/>\nGUSTAVO DA COSTA IM\u00d3VEIS<br \/>\nHABBITUS<br \/>\nHAMBURGO PALACE HOTEL<br \/>\nHF CONTABILIDADE<br \/>\nHIDROAR COMPRESSORES<br \/>\nHM IM\u00d3VEIS BC<br \/>\nHORTI FRESH<br \/>\nHOTEL GENOVA<br \/>\nHOTEL GUMZ<br \/>\nHOTEL PLAZA CAMBORI\u00da<br \/>\nHOTEL SIBARA<br \/>\nIMOBILI\u00c1RIA SANTA CATARINA<br \/>\nIMOBILIARIA SSANTOS<br \/>\nIMPERIO HOMEM<br \/>\nIN HOUSE BC<br \/>\nINNOVA INTERIORES<br \/>\nINSTALADORA BERLIM<br \/>\nINSTALADORA PALESTINA<br \/>\nINSTITUTO EMBELEZZE<br \/>\nINSTITUTO S&amp;S<br \/>\nIOA LONDRINA<br \/>\nIOA STYLE<br \/>\nJC COMERCIO DE PNEUS<br \/>\nJOALHERIA E \u00d3TICA LOCH<br \/>\nJOALHERIA E \u00d3TICA MULTIVIS\u00c3O<br \/>\nJULIANA MENDES<br \/>\nJULIANO IM\u00d3VEIS<br \/>\nKARLA CAL\u00c7ADOS<br \/>\nKATIA MONTEIRO BOUTIQUE<br \/>\nKATIVA MODAS<br \/>\nKEISER MODA INTIMIDA<br \/>\nKESIA ARTIGO DE VESTU\u00c1RIOS<br \/>\nKM POL\u00cdMEROS<br \/>\nKNN IDIOMAS BC<br \/>\nKUMON<br \/>\nLA PET<br \/>\nLA TINTAS<br \/>\nLABORAT\u00d3RIO GIMENES<br \/>\nLABORAT\u00d3RIO LEDRA<br \/>\nLAURA COSTA IM\u00d3VEIS<br \/>\nLEONARDO MARTINS MACHADO<br \/>\nLETICIA MODAS<br \/>\nLEVIS<br \/>\nLICEU CATARINENSE<br \/>\nLIGA DENTAL<br \/>\nLIMPOSUL EMBALAGENS<br \/>\nLINDA LINA<br \/>\nLITHORAL NEWS<br \/>\nLITORAL CLINICA ODONTOL\u00d3GICA<br \/>\nLOJA ALFREDO KELIS<br \/>\nMAISON DU BANHO<br \/>\nMALLON FITNESS CENTER<br \/>\nMALUVAN HOME &amp; SHOP<br \/>\nMANIPULA\u00c7\u00c3O MASTER FARMA<br \/>\nMARAAZUL PISCINA<br \/>\nMARAMBAIA HOTEL<br \/>\nMARAVILHA ACESS\u00d3RIOS<br \/>\nMARCELLA ZORZO<br \/>\nMARCOS AUTO PE\u00c7AS<br \/>\nMARINA CASTAGNA<br \/>\nMECANICA CATAUCHO<br \/>\nMEDCAL CLINICA DE ESPECIALIDADES<br \/>\nMEGA EMBALAGENS<br \/>\nMERCADO DA RETIFICA<br \/>\nMESTRE DA OBRA<br \/>\nMETTA INVESTIMENTOS<br \/>\nMIALIMP PRODUTOS DE LIMPEZA<br \/>\nMILCLIN<br \/>\nMIRASUL MULHER<br \/>\nMOBY METAL<br \/>\nMORGANA IGN\u00c1CIO SEMIJ\u00d3IAS<br \/>\nMOV<br \/>\nMR PORTAS E REVESTIMENTOS<br \/>\nMUNDIAL ASSESSORIA IMOBILI\u00c1RIA<br \/>\nMUNDO DAS CORES<br \/>\nMUNDO DAS FANTASIAS<br \/>\nMUNDO LED<br \/>\nMW AUTO CENTER<br \/>\nNAEO<br \/>\nNAEO BUSINESS<br \/>\nNAUTISADOS<br \/>\nNC CAL\u00c7ADOS<br \/>\nNOSSA TRIBO BARBEARIA<br \/>\nNOVA LOJA EQUIPAMENTOS<br \/>\nNOVA MICROWAY<br \/>\nNOVO VISUAL STORE<br \/>\nNR UNIFORMES<br \/>\nO BOTICARIO<br \/>\nOCEANICA IMOBILI\u00c1RIA<br \/>\nODONTO EXCELLENCE<br \/>\nODONTO EXCELLENCE<br \/>\nODONTOTOP<br \/>\nOFICINA DA INF\u00c2NCIA<br \/>\nOLSSON MATERIAIS DE CONSTRU\u00c7\u00c3O<br \/>\nOPTICA ANA JULIA<br \/>\nORIOHM DISTRIBUIDORA<br \/>\nOTICA ABSOLUTA<br \/>\nOTICA BC<br \/>\n\u00d3TICA DOM BOSCO<br \/>\nOTICA ITA\u00c7U<br \/>\n\u00d3TICA PREUSS<br \/>\n\u00d3TICAS DINIZ<br \/>\n\u00d3TICAS GUI PRESENTES<br \/>\nOTICAS IMPERIUM<br \/>\nPAPELARIA COR DE ROSA<br \/>\nPAPELARIA MILLENIUM<br \/>\nPAPELARIA SILVA<br \/>\nPARCEIROS INTERNET<br \/>\nPASSO FIRME CAL\u00c7ADOS<br \/>\nPAULO CESAR DA ROCHA DIAS<br \/>\nPB MADEIRAS<br \/>\nPEIXARIA OLIANI<br \/>\nPEX AUTO PE\u00c7AS<br \/>\nPHENOM IDIOMAS<br \/>\nPIONEIRA CONT<br \/>\nPLACAS DE ESQUINA<br \/>\nPLASTIPEL<br \/>\nPOLLI IM\u00d3VEIS<br \/>\nPORTAZZA<br \/>\nPOSTO SONHO MEU<br \/>\nPOSTO TIGR\u00c3O<br \/>\nPOUSADA MORADA DO ESTALEIRO<br \/>\nPRAIA HOTELARIA<br \/>\nPR\u00c9 REQUISITO<br \/>\nPREDIAUTO TINTAS<br \/>\nPRESTO ALIMENTOS<br \/>\nPRIMME IM\u00d3VEIS<br \/>\nRADIO CAMBORI\u00da<br \/>\nRADIO MASSA FM<br \/>\nRADIO MENINA<br \/>\nRAUL MATERIAIS DE CONSTRU\u00c7\u00c3O<br \/>\nRCN MATERIAIS DE CONSTRU\u00c7\u00c3O<br \/>\nREAL INVEST CONSTRU\u00c7\u00d5ES<br \/>\nREF\u00daGIO BOUTIQUE JARDIM (JADER)<br \/>\nREJANE MARA DOS SANTOS<br \/>\nRENO TOLDOS<br \/>\nRESTAURANTE TEMPERO E SABOR<br \/>\nREVEST ART<br \/>\nRIDERS BIKE SHOP<br \/>\nROCKFELLER<br \/>\nRODRIGUES ADVOGADOS<br \/>\nROSSI MATERIAIS EL\u00c9TRICOS LTDA<br \/>\nRUPIA SECURITIZADORA<br \/>\nSA MIX CONCRETO<br \/>\nSABINO ADVOCACIA<br \/>\nSAHMIRA SHOP<br \/>\nSALUS VETERIN\u00c1RIA<br \/>\nSANTA INN HOTEL<br \/>\nSANTOS AUTOMOTIVO<br \/>\nSATCOM<br \/>\nSCHELEN DE PAULA CAETANO<br \/>\nSCHOONER<br \/>\nSEGMED<br \/>\nSERGINHO AUTO CENTER<br \/>\nSIMONE SANTOS IM\u00d3VEIS<br \/>\nSMARTECH<br \/>\nSNP NEG\u00d3CIOS IMOBILI\u00c1RIOS<br \/>\nSOMADATTA<br \/>\nSOMASEG<br \/>\nSORRISO E VIDA BC<br \/>\nSR. HOUSE INVESTIMENTOS<br \/>\nSTAZO IM\u00d3VEIS<br \/>\nSUELI FATIMA CAMPAGNOLO<br \/>\nSUL MODAS<br \/>\nTAMOYO<br \/>\nTAO TURISMO<br \/>\nTECIDOS SANTA CATARINA<br \/>\nTEX EMPREENDIMENTOS<br \/>\nTICKET<br \/>\nTINTAS E CIA<br \/>\nTINTAS VIRGINIA<br \/>\nTONI IM\u00d3VEIS<br \/>\nTULIO DEL CONTE<br \/>\nULTRA WIFI<br \/>\nUNIAVAN<br \/>\nVCB IMPORTA\u00c7\u00c3O E EXPORTA\u00c7\u00c3O<br \/>\nVIDEOSOFT<br \/>\nVIDRA\u00c7ARIA DA FAM\u00cdLIA<br \/>\nVISURE TRAVEL CLUB<br \/>\nVIVE LA VIE<br \/>\nVIVI KLANN SUA CASA<br \/>\nVIZZARI IMPLANTES<br \/>\nVOLARE<br \/>\nVOLTZ<br \/>\nVOUE TELECOM<br \/>\nVS AUTO PE\u00c7AS<br \/>\nWENCESLAU RODRIGUES DOS SANTOS<br \/>\nYAZIGI<br \/>\nYGO ENERGIA<br \/>\nZEFLEX MANGUEIRAS[\/vc_column_text][vc_separator color=&#8221;custom&#8221; css=&#8221;&#8221; accent_color=&#8221;#021E46&#8243;][vc_column_text css=&#8221;&#8221;]<\/p>\n<h3><strong>Sobre a Campanha<\/strong><\/h3>\n<p>A campanha da Rota da Sorte CDL BC \u00e9 uma novidade para a cidade de Balne\u00e1rio Cambori\u00fa com o objetivo de divulgar o com\u00e9rcio e as empresas da cidade e aquecer as vendas e a economia durante os meses considerados de baixa temporada. Ao final de tr\u00eas meses de campanha, ser\u00e1 sorteado um carro 0 km entre os clientes das empresas participantes.<\/p>\n<p><strong>A campanha est\u00e1 aberta a todas as empresas da cidade<\/strong>, independentemente de serem ou n\u00e3o associadas \u00e0 CDL, ampliando as chances de atrair novos neg\u00f3cios. A promo\u00e7\u00e3o conta ainda com o apoio da Prefeitura Municipal de Balne\u00e1rio Cambori\u00fa e do Sebrae.[\/vc_column_text][vc_separator color=&#8221;custom&#8221; css=&#8221;&#8221; accent_color=&#8221;#021E46&#8243;][\/vc_column][\/vc_row][vc_row full_width=&#8221;stretch_row_content&#8221; content_placement=&#8221;middle&#8221; css=&#8221;.vc_custom_1749771067883{padding-top: 20px !important;padding-right: 0px !important;padding-bottom: 20px !important;padding-left: 0px !important;background-color: #021E46 !important;}&#8221;][vc_column][vc_single_image image=&#8221;14152&#8243; img_size=&#8221;749&#215;110&#8243; alignment=&#8221;center&#8221; css=&#8221;&#8221;][\/vc_column][\/vc_row]<\/p>\n<\/div>","protected":false},"excerpt":{"rendered":"<p>[vc_row full_width=&#8221;stretch_row_content_no_spaces&#8221; css=&#8221;.vc_custom_1746038729027{padding-right: 0px !important;padding-left: 0px !important;background-color: #021E46 !important;}&#8221;][vc_column][vc_single_image image=&#8221;14168&#8243; img_size=&#8221;full&#8221; alignment=&#8221;center&#8221; css=&#8221;&#8221;][\/vc_column][\/vc_row][vc_row css=&#8221;.vc_custom_1638459027767{margin-top: 30px !important;margin-bottom: 30px !important;}&#8221;][vc_column width=&#8221;1\/2&#8243;][vc_video link=&#8221;https:\/\/www.youtube.com\/watch?v=rc-JX1QANRQ&#8221; css=&#8221;&#8221;][vc_row_inner css=&#8221;.vc_custom_1636508802737{margin-top: 20px !important;}&#8221;][vc_column_inner][vc_column_text css=&#8221;&#8221;] PER\u00cdODO 01 DE JUNHO A 31 DE AGOSTO DE 2025 SORTEIO EM 14 DE SETEMBRO V\u00e9spera do Dia do Cliente com um grande show na orla de Balne\u00e1rio Cambori\u00fa![\/vc_column_text][\/vc_column_inner][\/vc_row_inner][\/vc_column][vc_column width=&#8221;1\/2&#8243; [&hellip;]<\/p>\n","protected":false},"author":1,"featured_media":0,"parent":0,"menu_order":0,"comment_status":"closed","ping_status":"closed","template":"","meta":{"footnotes":""},"class_list":["post-14114","page","type-page","status-publish","hentry","no-post-thumbnail"],"_links":{"self":[{"href":"https:\/\/www.cdlbc.com.br\/portal\/wp-json\/wp\/v2\/pages\/14114","targetHints":{"allow":["GET"]}}],"collection":[{"href":"https:\/\/www.cdlbc.com.br\/portal\/wp-json\/wp\/v2\/pages"}],"about":[{"href":"https:\/\/www.cdlbc.com.br\/portal\/wp-json\/wp\/v2\/types\/page"}],"author":[{"embeddable":true,"href":"https:\/\/www.cdlbc.com.br\/portal\/wp-json\/wp\/v2\/users\/1"}],"replies":[{"embeddable":true,"href":"https:\/\/www.cdlbc.com.br\/portal\/wp-json\/wp\/v2\/comments?post=14114"}],"version-history":[{"count":37,"href":"https:\/\/www.cdlbc.com.br\/portal\/wp-json\/wp\/v2\/pages\/14114\/revisions"}],"predecessor-version":[{"id":14227,"href":"https:\/\/www.cdlbc.com.br\/portal\/wp-json\/wp\/v2\/pages\/14114\/revisions\/14227"}],"wp:attachment":[{"href":"https:\/\/www.cdlbc.com.br\/portal\/wp-json\/wp\/v2\/media?parent=14114"}],"curies":[{"name":"wp","href":"https:\/\/api.w.org\/{rel}","templated":true}]}}