{"id":14086,"date":"2025-03-20T15:13:53","date_gmt":"2025-03-20T17:13:53","guid":{"rendered":"https:\/\/www.cdlbc.com.br\/portal\/?page_id=14086"},"modified":"2025-03-20T16:00:12","modified_gmt":"2025-03-20T18:00:12","slug":"dli","status":"publish","type":"page","link":"https:\/\/www.cdlbc.com.br\/portal\/dli\/","title":{"rendered":"DLI &#8211; Dia Livre de Impostos"},"content":{"rendered":"<div class=\"wpb-content-wrapper\"><p>[vc_row full_width=&#8221;stretch_row_content_no_spaces&#8221; css=&#8221;.vc_custom_1629402116103{margin-bottom: 20px !important;}&#8221;][vc_column][vc_single_image image=&#8221;14087&#8243; img_size=&#8221;full&#8221; alignment=&#8221;center&#8221; css=&#8221;&#8221;][\/vc_column][\/vc_row][vc_row css=&#8221;.vc_custom_1629402078017{margin-bottom: 20px !important;}&#8221;][vc_column][vc_column_text css=&#8221;&#8221;]<\/p>\n<h3><strong>SOBRE O DLI<\/strong><\/h3>\n<p>Criado em 2007, o Dia Livre de Impostos (DLI)\u00ae \u00e9 uma a\u00e7\u00e3o de conscientiza\u00e7\u00e3o promovida pela Confedera\u00e7\u00e3o Nacional de Dirigentes Lojistas (CNDL), por meio das C\u00e2maras de Dirigentes Lojistas Jovem (CDL Jovem) de todo o Brasil, e conta com a participa\u00e7\u00e3o da sociedade contra as altas cargas tribut\u00e1rias e o baixo retorno dos impostos arrecadados em \u00e1reas como sa\u00fade, educa\u00e7\u00e3o, transporte e seguran\u00e7a para a popula\u00e7\u00e3o.[\/vc_column_text][\/vc_column][\/vc_row][vc_row css=&#8221;.vc_custom_1629402078017{margin-bottom: 20px !important;}&#8221;][vc_column][vc_column_text css=&#8221;&#8221;]<\/p>\n<h3 style=\"text-align: center;\"><a href=\"https:\/\/chat.whatsapp.com\/DW9QKBzX3W6HxszZIDYOmS\"><strong>ACESSE O GRUPO DO WHATSAPP DA CDL JOVEM<\/strong><\/a><\/h3>\n<p>[\/vc_column_text][\/vc_column][\/vc_row][vc_row full_width=&#8221;stretch_row&#8221; css=&#8221;.vc_custom_1742492007154{margin-bottom: 20px !important;background-color: #F2F9FF !important;}&#8221;][vc_column][vc_column_text css=&#8221;&#8221;]<\/p>\n<h3><strong>POR QUE SUA EMPRESA DEVE PARTICIPAR?<\/strong><\/h3>\n<p>Um dia em que os produtos s\u00e3o vendidos sem o valor do impostos. Realidade ou ilus\u00e3o? Sim, \u00e9 uma realidade. O Dia Livre de Impostos \u00e9 uma mobiliza\u00e7\u00e3o nacional que representa a indigna\u00e7\u00e3o pelas altas taxas de impostos.<\/p>\n<p>Na data, comerciantes e estabelecimentos de todo o pa\u00eds abaixam o valor de seus produtos, de forma volunt\u00e1ria e sem custos, para demonstrar \u00e0 popula\u00e7\u00e3o como ficaria o pre\u00e7o final sem a presen\u00e7a da carga tribut\u00e1ria.<\/p>\n<p>Em todo o pa\u00eds, a mobiliza\u00e7\u00e3o j\u00e1 entra na programa\u00e7\u00e3o de muitos estabelecimentos comerciais e est\u00e1 sendo a grande aposta de muitos lojistas para aumentar as vendas.<\/p>\n<h4>Impacto para os lojistas e consumidores da cidade<\/h4>\n<p>Para quem vai \u00e0s compras, este \u00e9 o momento ideal de encontrar produtos mais baratos e que o valor cabe no bolso. As lojas oferecem valores bem abaixo do total, o que \u00e9 atrativo para os consumidores.<\/p>\n<p>J\u00e1 para os lojistas que est\u00e3o aderindo, \u00e9 uma grande oportunidade de aumentar suas vendas. Qualquer oportunidade de pagar menos em um produto \u00e9 sempre uma atra\u00e7\u00e3o para os consumidores. Nesse cen\u00e1rio, quando um lojista diminui esse valor final, \u00e9 a chance de aumentar as vendas nesta data.<\/p>\n<p>Muitos empresarios pontuam que a data compete diretamente com a Black Friday como o melhor dia de vendas do ano em seu neg\u00f3cio.<\/p>\n<p>Outro ponto fundamental \u00e9 a valoriza\u00e7\u00e3o da marca, pois os clientes v\u00e3o entender e se conectar ainda mais com os valores da sua empresa.<\/p>\n<p>Al\u00e9m disso, uma dica para os lojistas que pretendem participar do DLI \u00e9 o trabalho com produtos que estejam com baixa rotatividade, coloc\u00e1-los dentro da promo\u00e7\u00e3o, pois assim \u00e9 poss\u00edvel melhorar o fluxo de caixa de sua empresa e movimentar produtos que estavam parados.<\/p>\n<p>Por fim, participar do DLI tamb\u00e9m \u00e9 uma das formas de contribuir com a mobiliza\u00e7\u00e3o nacional contra as altas cargas tribut\u00e1rias que impactam o setor de com\u00e9rcio e tamb\u00e9m o consumo no pa\u00eds.[\/vc_column_text][\/vc_column][\/vc_row][vc_row css=&#8221;.vc_custom_1629402078017{margin-bottom: 20px !important;}&#8221;][vc_column width=&#8221;1\/3&#8243;][vc_single_image image=&#8221;14088&#8243; img_size=&#8221;&#8221; alignment=&#8221;center&#8221; css=&#8221;&#8221;][\/vc_column][vc_column width=&#8221;2\/3&#8243;][vc_column_text css=&#8221;&#8221;]<\/p>\n<h3><strong>QUEM \u00c9 O IMPOSTOSSAURO?<\/strong><\/h3>\n<p>O Impostossauro \u00e9 o personagem que utilizamos na campanha para representar o impacto negativo dos impostos sobre o poder de consumo do consumidor e o crescimento econ\u00f4mico do pa\u00eds.<br \/>\nUltrapassado e agressivo, ele \u00e9 capaz de devorar nosso dinheiro em uma s\u00f3 mordida. Ele \u00e9 o vil\u00e3o na nossa hist\u00f3ria.<br \/>\nE \u00e9 por isso que, no Dia Livre de Impostos, vamos prend\u00ea-lo bem longe, aonde n\u00e3o vai poder aterrorizar ningu\u00e9m.[\/vc_column_text][\/vc_column][\/vc_row][vc_row][vc_column][vc_video link=&#8221;https:\/\/youtu.be\/Mf5LWtaclmw&#8221; css=&#8221;&#8221;][\/vc_column][\/vc_row]<\/p>\n<\/div>","protected":false},"excerpt":{"rendered":"<p>[vc_row full_width=&#8221;stretch_row_content_no_spaces&#8221; css=&#8221;.vc_custom_1629402116103{margin-bottom: 20px !important;}&#8221;][vc_column][vc_single_image image=&#8221;14087&#8243; img_size=&#8221;full&#8221; alignment=&#8221;center&#8221; css=&#8221;&#8221;][\/vc_column][\/vc_row][vc_row css=&#8221;.vc_custom_1629402078017{margin-bottom: 20px !important;}&#8221;][vc_column][vc_column_text css=&#8221;&#8221;] SOBRE O DLI Criado em 2007, o Dia Livre de Impostos (DLI)\u00ae \u00e9 uma a\u00e7\u00e3o de conscientiza\u00e7\u00e3o promovida pela Confedera\u00e7\u00e3o Nacional de Dirigentes Lojistas (CNDL), por meio das C\u00e2maras de Dirigentes Lojistas Jovem (CDL Jovem) de todo o Brasil, e conta com [&hellip;]<\/p>\n","protected":false},"author":1,"featured_media":0,"parent":0,"menu_order":0,"comment_status":"closed","ping_status":"closed","template":"","meta":{"footnotes":""},"class_list":["post-14086","page","type-page","status-publish","hentry","no-post-thumbnail"],"_links":{"self":[{"href":"https:\/\/www.cdlbc.com.br\/portal\/wp-json\/wp\/v2\/pages\/14086","targetHints":{"allow":["GET"]}}],"collection":[{"href":"https:\/\/www.cdlbc.com.br\/portal\/wp-json\/wp\/v2\/pages"}],"about":[{"href":"https:\/\/www.cdlbc.com.br\/portal\/wp-json\/wp\/v2\/types\/page"}],"author":[{"embeddable":true,"href":"https:\/\/www.cdlbc.com.br\/portal\/wp-json\/wp\/v2\/users\/1"}],"replies":[{"embeddable":true,"href":"https:\/\/www.cdlbc.com.br\/portal\/wp-json\/wp\/v2\/comments?post=14086"}],"version-history":[{"count":8,"href":"https:\/\/www.cdlbc.com.br\/portal\/wp-json\/wp\/v2\/pages\/14086\/revisions"}],"predecessor-version":[{"id":14097,"href":"https:\/\/www.cdlbc.com.br\/portal\/wp-json\/wp\/v2\/pages\/14086\/revisions\/14097"}],"wp:attachment":[{"href":"https:\/\/www.cdlbc.com.br\/portal\/wp-json\/wp\/v2\/media?parent=14086"}],"curies":[{"name":"wp","href":"https:\/\/api.w.org\/{rel}","templated":true}]}}