{"id":12670,"date":"2021-11-05T12:00:07","date_gmt":"2021-11-05T14:00:07","guid":{"rendered":"http:\/\/www.cdlbc.com.br\/portal\/?page_id=12670"},"modified":"2025-01-02T14:35:55","modified_gmt":"2025-01-02T16:35:55","slug":"viagemdeencantos","status":"publish","type":"page","link":"https:\/\/www.cdlbc.com.br\/portal\/viagemdeencantos\/","title":{"rendered":"Viagem de Encantos &#8211; Natal Balne\u00e1rio Cambori\u00fa"},"content":{"rendered":"<div class=\"wpb-content-wrapper\"><p>[vc_row full_width=&#8221;stretch_row_content_no_spaces&#8221; css=&#8221;.vc_custom_1730383223734{padding-right: 0px !important;padding-left: 0px !important;background-color: #5F1564 !important;}&#8221;][vc_column][vc_single_image image=&#8221;13998&#8243; img_size=&#8221;full&#8221; alignment=&#8221;center&#8221; css=&#8221;&#8221;][vc_btn title=&#8221;<strong>VOTA\u00c7\u00c3O ENCERRADA<\/strong>&#8221; style=&#8221;gradient&#8221; size=&#8221;lg&#8221; align=&#8221;center&#8221; css=&#8221;.vc_custom_1735835752601{margin-top: 5px !important;}&#8221; button_block=&#8221;true&#8221; link=&#8221;url:%23|title:Viagem%20de%20Encantos%20%E2%80%93%20Vote%20na%20sua%20empresa%20favorita&#8221;][\/vc_column][\/vc_row][vc_row css=&#8221;.vc_custom_1638459027767{margin-top: 30px !important;margin-bottom: 30px !important;}&#8221;][vc_column width=&#8221;1\/2&#8243;][vc_video link=&#8221;https:\/\/www.youtube.com\/watch?v=gTeQ6fYP0eY&#8221; el_aspect=&#8221;916&#8243; css=&#8221;&#8221;][vc_column_text css=&#8221;&#8221;]<\/p>\n<h3><strong>A magia do Natal pelas ruas e vitrines de Balne\u00e1rio Cambori\u00fa<\/strong><\/h3>\n<p>Toda a magia e encantamento do Natal v\u00e3o tomar conta de Balne\u00e1rio Cambori\u00fa!<\/p>\n<p>A CDL BC quer ajudar a nossa cidade a ficar ainda mais atraente nesta \u00e9poca do ano e lan\u00e7a a <strong>edi\u00e7\u00e3o 2024 do Concurso de Natal Viagem de Encantos<\/strong>. O objetivo \u00e9 incentivar o com\u00e9rcio local a criar experi\u00eancias e decora\u00e7\u00f5es memor\u00e1veis aos seus clientes.<\/p>\n<p>Todas as empresas podem participar e n\u00e3o \u00e9 necess\u00e1rio ser associada \u00e0 CDL BC. A inscri\u00e7\u00e3o \u00e9 gratuita e deve ser feita aqui no site do Viagem de Encantos pu atrav\u00e9s do APP da CDL BC.<\/p>\n<p><strong>IMPORTANTE: ESTE CONCURSO \u00c9 V\u00c1LIDO APENAS PARA EMPRESAS DE BALNE\u00c1RIO CAMBORI\u00da.<\/strong><\/p>\n<h5><span style=\"color: #575757;\">Embarque nesta viagem com a CDL BC!<\/span><\/h5>\n<p>[\/vc_column_text][vc_row_inner css=&#8221;.vc_custom_1636508802737{margin-top: 20px !important;}&#8221;][vc_column_inner][vc_btn title=&#8221;Viagem de Encantos &#8211; Pr\u00e9 Regulamento&#8221; style=&#8221;3d&#8221; color=&#8221;danger&#8221; size=&#8221;lg&#8221; align=&#8221;center&#8221; i_icon_fontawesome=&#8221;&#8221; css=&#8221;&#8221; add_icon=&#8221;true&#8221; link=&#8221;url:http%3A%2F%2Fwww.cdlbc.com.br%2Fportal%2Fwp-content%2Fuploads%2F2024%2F11%2F202411-Regulamento-Viagem-de-Encantos-2024.pdf&#8221;][\/vc_column_inner][\/vc_row_inner][\/vc_column][vc_column width=&#8221;1\/2&#8243; css=&#8221;.vc_custom_1638462553041{padding-top: 20px !important;padding-bottom: 20px !important;background-color: #f9f9f9 !important;}&#8221;][vc_column_text css=&#8221;.vc_custom_1733749948925{margin-bottom: 20px !important;}&#8221;]<\/p>\n<h2 style=\"text-align: center;\">INSCRI\u00c7\u00d5ES ENCERRADAS!<\/h2>\n<p>[\/vc_column_text][vc_column_text]<\/p>\n<h5 style=\"text-align: center;\">Para mais informa\u00e7\u00f5es, entre em contato atrav\u00e9s do telefone: <strong>47 3261 3300 ou no WhatsApp: <\/strong><a href=\"https:\/\/wa.me\/5547996946188\"><strong>47 9 9694 6188<\/strong><\/a><\/h5>\n<p>[\/vc_column_text][\/vc_column][\/vc_row][vc_row full_width=&#8221;stretch_row_content_no_spaces&#8221; css=&#8221;.vc_custom_1699466592992{padding-right: 0px !important;padding-left: 0px !important;}&#8221;][vc_column][vc_column_text]<\/p>\n<h5 style=\"text-align: center;\">VOC\u00ca \u00c9 CONSUMIDOR? BAIXE O APP DA CDL BC, COMPLETE SEU CADASTRO E CONCORRA A INCR\u00cdVEIS PASSEIOS!<\/h5>\n<p style=\"text-align: center;\"><a href=\"https:\/\/play.google.com\/store\/apps\/details?id=br.com.totel.cdl.sc.balneariocamboriu\"><img loading=\"lazy\" decoding=\"async\" class=\"alignnone wp-image-13027\" src=\"http:\/\/www.cdlbc.com.br\/portal\/wp-content\/uploads\/2023\/08\/icon-google-play-300x116.png\" alt=\"\" width=\"220\" height=\"85\" srcset=\"https:\/\/www.cdlbc.com.br\/portal\/wp-content\/uploads\/2023\/08\/icon-google-play-300x116.png 300w, https:\/\/www.cdlbc.com.br\/portal\/wp-content\/uploads\/2023\/08\/icon-google-play-600x232.png 600w, https:\/\/www.cdlbc.com.br\/portal\/wp-content\/uploads\/2023\/08\/icon-google-play-555x215.png 555w, https:\/\/www.cdlbc.com.br\/portal\/wp-content\/uploads\/2023\/08\/icon-google-play.png 646w\" sizes=\"auto, (max-width: 220px) 100vw, 220px\" \/><\/a><a href=\"https:\/\/apps.apple.com\/br\/app\/cdl-balne%C3%A1rio-cambori%C3%BA\/id6453606945\"><img loading=\"lazy\" decoding=\"async\" class=\"alignnone wp-image-13026\" src=\"http:\/\/www.cdlbc.com.br\/portal\/wp-content\/uploads\/2023\/08\/icon-app-store-300x116.png\" alt=\"\" width=\"220\" height=\"85\" srcset=\"https:\/\/www.cdlbc.com.br\/portal\/wp-content\/uploads\/2023\/08\/icon-app-store-300x116.png 300w, https:\/\/www.cdlbc.com.br\/portal\/wp-content\/uploads\/2023\/08\/icon-app-store-600x232.png 600w, https:\/\/www.cdlbc.com.br\/portal\/wp-content\/uploads\/2023\/08\/icon-app-store-555x215.png 555w, https:\/\/www.cdlbc.com.br\/portal\/wp-content\/uploads\/2023\/08\/icon-app-store.png 646w\" sizes=\"auto, (max-width: 220px) 100vw, 220px\" \/><\/a><\/p>\n<p>[\/vc_column_text][\/vc_column][\/vc_row][vc_row full_width=&#8221;stretch_row_content_no_spaces&#8221;][vc_column][vc_single_image image=&#8221;14002&#8243; img_size=&#8221;full&#8221; alignment=&#8221;center&#8221; css=&#8221;&#8221;][\/vc_column][\/vc_row]<\/p>\n<\/div>","protected":false},"excerpt":{"rendered":"<p>[vc_row full_width=&#8221;stretch_row_content_no_spaces&#8221; css=&#8221;.vc_custom_1730383223734{padding-right: 0px !important;padding-left: 0px !important;background-color: #5F1564 !important;}&#8221;][vc_column][vc_single_image image=&#8221;13998&#8243; img_size=&#8221;full&#8221; alignment=&#8221;center&#8221; css=&#8221;&#8221;][vc_btn title=&#8221;VOTA\u00c7\u00c3O ENCERRADA&#8221; style=&#8221;gradient&#8221; size=&#8221;lg&#8221; align=&#8221;center&#8221; css=&#8221;.vc_custom_1735835752601{margin-top: 5px !important;}&#8221; button_block=&#8221;true&#8221; link=&#8221;url:%23|title:Viagem%20de%20Encantos%20%E2%80%93%20Vote%20na%20sua%20empresa%20favorita&#8221;][\/vc_column][\/vc_row][vc_row css=&#8221;.vc_custom_1638459027767{margin-top: 30px !important;margin-bottom: 30px !important;}&#8221;][vc_column width=&#8221;1\/2&#8243;][vc_video link=&#8221;https:\/\/www.youtube.com\/watch?v=gTeQ6fYP0eY&#8221; el_aspect=&#8221;916&#8243; css=&#8221;&#8221;][vc_column_text css=&#8221;&#8221;] A magia do Natal pelas ruas e vitrines de Balne\u00e1rio Cambori\u00fa Toda a magia e encantamento do Natal v\u00e3o tomar conta de [&hellip;]<\/p>\n","protected":false},"author":1,"featured_media":0,"parent":0,"menu_order":0,"comment_status":"closed","ping_status":"closed","template":"","meta":{"footnotes":""},"class_list":["post-12670","page","type-page","status-publish","hentry","no-post-thumbnail"],"_links":{"self":[{"href":"https:\/\/www.cdlbc.com.br\/portal\/wp-json\/wp\/v2\/pages\/12670","targetHints":{"allow":["GET"]}}],"collection":[{"href":"https:\/\/www.cdlbc.com.br\/portal\/wp-json\/wp\/v2\/pages"}],"about":[{"href":"https:\/\/www.cdlbc.com.br\/portal\/wp-json\/wp\/v2\/types\/page"}],"author":[{"embeddable":true,"href":"https:\/\/www.cdlbc.com.br\/portal\/wp-json\/wp\/v2\/users\/1"}],"replies":[{"embeddable":true,"href":"https:\/\/www.cdlbc.com.br\/portal\/wp-json\/wp\/v2\/comments?post=12670"}],"version-history":[{"count":88,"href":"https:\/\/www.cdlbc.com.br\/portal\/wp-json\/wp\/v2\/pages\/12670\/revisions"}],"predecessor-version":[{"id":14067,"href":"https:\/\/www.cdlbc.com.br\/portal\/wp-json\/wp\/v2\/pages\/12670\/revisions\/14067"}],"wp:attachment":[{"href":"https:\/\/www.cdlbc.com.br\/portal\/wp-json\/wp\/v2\/media?parent=12670"}],"curies":[{"name":"wp","href":"https:\/\/api.w.org\/{rel}","templated":true}]}}