{"id":12632,"date":"2021-09-02T11:12:26","date_gmt":"2021-09-02T13:12:26","guid":{"rendered":"http:\/\/www.cdlbc.com.br\/portal\/?page_id=12632"},"modified":"2021-10-20T12:35:00","modified_gmt":"2021-10-20T14:35:00","slug":"spc","status":"publish","type":"page","link":"https:\/\/www.cdlbc.com.br\/portal\/spc\/","title":{"rendered":"Novo Acesso ao SPC"},"content":{"rendered":"<div class=\"wpb-content-wrapper\"><p>[vc_row full_width=&#8221;stretch_row_content_no_spaces&#8221;][vc_column][vc_single_image image=&#8221;12637&#8243; img_size=&#8221;full&#8221;][vc_column_text]<\/p>\n<h3 style=\"text-align: center;\">O acesso ao sistema do SPC mudou.<\/h3>\n<h5 style=\"text-align: center;\">Preparamos alguns materiais para que voc\u00ea possa se habituar ao novo ambiente. Confira os v\u00eddeos abaixo.<\/h5>\n<p>[\/vc_column_text][vc_empty_space][\/vc_column][\/vc_row][vc_row][vc_column width=&#8221;2\/3&#8243;][vc_video link=&#8221;https:\/\/www.youtube.com\/watch?v=HA_ohKnux50&#8243;][vc_empty_space height=&#8221;20px&#8221;][vc_video link=&#8221;https:\/\/www.youtube.com\/watch?v=N9uB80lZpG8&#8243;][vc_empty_space height=&#8221;20px&#8221;][vc_video link=&#8221;https:\/\/www.youtube.com\/watch?v=yYU-PgjRsk4&#8243;][vc_empty_space height=&#8221;20px&#8221;][vc_video link=&#8221;https:\/\/www.youtube.com\/watch?v=ch3CZcE05wI&#8221;][\/vc_column][vc_column width=&#8221;1\/3&#8243;][vc_widget_sidebar sidebar_id=&#8221;sidebar-6130ce57650f7&#8243;][vc_column_text]<\/p>\n<h4 style=\"text-align: center;\"><span style=\"color: #ff0000;\">ATEN\u00c7\u00c3O.<\/span><\/h4>\n<h4 style=\"text-align: center;\"><span style=\"color: #ff0000;\">ATENTE-SE PARA OS INSUMOS ADICIONAIS, ELES SER\u00c3O COBRADOS \u00c0 PARTE.<\/span><\/h4>\n<p>[\/vc_column_text][vc_text_separator title=&#8221;Documentos de Apoio&#8221; i_icon_fontawesome=&#8221;fa fa-download&#8221; i_color=&#8221;grey&#8221; title_align=&#8221;separator_align_left&#8221; align=&#8221;align_right&#8221; add_icon=&#8221;true&#8221;][vc_column_text]<\/p>\n<ul>\n<li>\n<h5><a href=\"http:\/\/www.cdlbc.com.br\/portal\/wp-content\/uploads\/2021\/09\/Manual-Sistema-SPC.pdf\">MANUAL DE INSTRU\u00c7\u00d5ES SPC<\/a><\/h5>\n<\/li>\n<li>\n<h5><a href=\"http:\/\/www.cdlbc.com.br\/portal\/wp-content\/uploads\/2021\/09\/Nova-Tabela-Consultas-SPC.pdf\">NOVOS C\u00d3DIGOS DE CONSULTA<\/a><\/h5>\n<\/li>\n<\/ul>\n<p>[\/vc_column_text][\/vc_column][\/vc_row]<\/p>\n<\/div>","protected":false},"excerpt":{"rendered":"<p>[vc_row full_width=&#8221;stretch_row_content_no_spaces&#8221;][vc_column][vc_single_image image=&#8221;12637&#8243; img_size=&#8221;full&#8221;][vc_column_text] O acesso ao sistema do SPC mudou. Preparamos alguns materiais para que voc\u00ea possa se habituar ao novo ambiente. Confira os v\u00eddeos abaixo. [\/vc_column_text][vc_empty_space][\/vc_column][\/vc_row][vc_row][vc_column width=&#8221;2\/3&#8243;][vc_video link=&#8221;https:\/\/www.youtube.com\/watch?v=HA_ohKnux50&#8243;][vc_empty_space height=&#8221;20px&#8221;][vc_video link=&#8221;https:\/\/www.youtube.com\/watch?v=N9uB80lZpG8&#8243;][vc_empty_space height=&#8221;20px&#8221;][vc_video link=&#8221;https:\/\/www.youtube.com\/watch?v=yYU-PgjRsk4&#8243;][vc_empty_space height=&#8221;20px&#8221;][vc_video link=&#8221;https:\/\/www.youtube.com\/watch?v=ch3CZcE05wI&#8221;][\/vc_column][vc_column width=&#8221;1\/3&#8243;][vc_widget_sidebar sidebar_id=&#8221;sidebar-6130ce57650f7&#8243;][vc_column_text] ATEN\u00c7\u00c3O. ATENTE-SE PARA OS INSUMOS ADICIONAIS, ELES SER\u00c3O COBRADOS \u00c0 PARTE. [\/vc_column_text][vc_text_separator title=&#8221;Documentos de Apoio&#8221; i_icon_fontawesome=&#8221;fa fa-download&#8221; [&hellip;]<\/p>\n","protected":false},"author":1,"featured_media":0,"parent":0,"menu_order":0,"comment_status":"closed","ping_status":"closed","template":"","meta":{"footnotes":""},"class_list":["post-12632","page","type-page","status-publish","hentry","no-post-thumbnail"],"_links":{"self":[{"href":"https:\/\/www.cdlbc.com.br\/portal\/wp-json\/wp\/v2\/pages\/12632","targetHints":{"allow":["GET"]}}],"collection":[{"href":"https:\/\/www.cdlbc.com.br\/portal\/wp-json\/wp\/v2\/pages"}],"about":[{"href":"https:\/\/www.cdlbc.com.br\/portal\/wp-json\/wp\/v2\/types\/page"}],"author":[{"embeddable":true,"href":"https:\/\/www.cdlbc.com.br\/portal\/wp-json\/wp\/v2\/users\/1"}],"replies":[{"embeddable":true,"href":"https:\/\/www.cdlbc.com.br\/portal\/wp-json\/wp\/v2\/comments?post=12632"}],"version-history":[{"count":15,"href":"https:\/\/www.cdlbc.com.br\/portal\/wp-json\/wp\/v2\/pages\/12632\/revisions"}],"predecessor-version":[{"id":12667,"href":"https:\/\/www.cdlbc.com.br\/portal\/wp-json\/wp\/v2\/pages\/12632\/revisions\/12667"}],"wp:attachment":[{"href":"https:\/\/www.cdlbc.com.br\/portal\/wp-json\/wp\/v2\/media?parent=12632"}],"curies":[{"name":"wp","href":"https:\/\/api.w.org\/{rel}","templated":true}]}}