{"id":11693,"date":"2020-04-13T20:22:32","date_gmt":"2020-04-13T22:22:32","guid":{"rendered":"http:\/\/www.cdlbc.com.br\/portal\/?page_id=11693"},"modified":"2020-07-17T18:34:05","modified_gmt":"2020-07-17T20:34:05","slug":"covid-19","status":"publish","type":"page","link":"https:\/\/www.cdlbc.com.br\/portal\/covid-19\/","title":{"rendered":"ESPECIAL &#8211; COVID-19"},"content":{"rendered":"<div class=\"wpb-content-wrapper\"><p>[vc_row][vc_column][vc_empty_space][\/vc_column][\/vc_row][vc_row][vc_column width=&#8221;1\/5&#8243;][vc_single_image image=&#8221;11698&#8243; img_size=&#8221;full&#8221; alignment=&#8221;center&#8221; style=&#8221;vc_box_rounded&#8221; onclick=&#8221;custom_link&#8221; link=&#8221;http:\/\/www.cdlbc.com.br\/portal\/wp-content\/uploads\/2020\/04\/202004-cartilha-novas-regras-de-funcionamento.pdf&#8221;][\/vc_column][vc_column width=&#8221;1\/5&#8243;][vc_single_image image=&#8221;11707&#8243; img_size=&#8221;full&#8221; alignment=&#8221;center&#8221; style=&#8221;vc_box_rounded&#8221; onclick=&#8221;custom_link&#8221; link=&#8221;http:\/\/www.cdlbc.com.br\/portal\/wp-content\/uploads\/2020\/04\/202004-cartilha-corona.pdf&#8221;][\/vc_column][vc_column width=&#8221;1\/5&#8243;][vc_single_image image=&#8221;11718&#8243; img_size=&#8221;full&#8221; alignment=&#8221;center&#8221; style=&#8221;vc_box_rounded&#8221; onclick=&#8221;custom_link&#8221; link=&#8221;http:\/\/www.cdlbc.com.br\/portal\/wp-content\/uploads\/2020\/04\/20200415-cartilha-orientacao-bancaria.pdf&#8221;][\/vc_column][vc_column width=&#8221;1\/5&#8243;][vc_single_image image=&#8221;11721&#8243; img_size=&#8221;full&#8221; alignment=&#8221;center&#8221; style=&#8221;vc_box_rounded&#8221; onclick=&#8221;custom_link&#8221; link=&#8221;http:\/\/www.cdlbc.com.br\/portal\/wp-content\/uploads\/2020\/04\/202004-cartilha-reme\u0301dios-juri\u0301dicos.pdf&#8221;][\/vc_column][vc_column width=&#8221;1\/5&#8243;][vc_single_image image=&#8221;11894&#8243; img_size=&#8221;full&#8221; alignment=&#8221;center&#8221; style=&#8221;vc_box_rounded&#8221; onclick=&#8221;custom_link&#8221; link=&#8221;http:\/\/www.cdlbc.com.br\/portal\/wp-content\/uploads\/2020\/07\/202007-Cartilha-Protocolo-Sabino.pdf&#8221;][\/vc_column][\/vc_row][vc_row][vc_column][vc_empty_space height=&#8221;50px&#8221;][vc_text_separator title=&#8221;NOT\u00cdCIAS RELACIONADAS&#8221; title_align=&#8221;separator_align_left&#8221;][vc_empty_space][vc_basic_grid post_type=&#8221;post&#8221; max_items=&#8221;20&#8243; style=&#8221;load-more&#8221; items_per_page=&#8221;8&#8243; element_width=&#8221;3&#8243; btn_title=&#8221;Carregar mais not\u00edcias&#8221; btn_color=&#8221;primary&#8221; grid_id=&#8221;vc_gid:1595017902263-6d3f8e38-e3a0-4&#8243; taxonomies=&#8221;141&#8243;][\/vc_column][\/vc_row][vc_row][vc_column][vc_empty_space height=&#8221;50px&#8221;][vc_text_separator title=&#8221;SITES \u00daTEIS&#8221; title_align=&#8221;separator_align_left&#8221;][vc_empty_space][vc_column_text]<\/p>\n<ul class=\"iconlist iconlist iconlist-icon-medium \">\n<li>\n<div class=\"iconlist-item-content\"><a href=\"https:\/\/www.fcdl-sc.org.br\/\">FCDL Santa Catarina<\/a><\/div>\n<\/li>\n<li>\n<div class=\"iconlist-item-content\"><a href=\"http:\/\/www.secuidabc.com.br\/\">Se Cuida BC<\/a>\u00a0&#8211; Central de Informa\u00e7\u00f5es sobre o Coronav\u00edrus em Balne\u00e1rio Cambori\u00fa<\/div>\n<\/li>\n<li>\n<div class=\"iconlist-item-content\"><a href=\"http:\/\/www.coronavirus.sc.gov.br\/\">Coronav\u00edrus &#8211; Governo do Estado de Santa Catarina<\/a><\/div>\n<\/li>\n<\/ul>\n<p>[\/vc_column_text][\/vc_column][\/vc_row]<\/p>\n<\/div>","protected":false},"excerpt":{"rendered":"<p>[vc_row][vc_column][vc_empty_space][\/vc_column][\/vc_row][vc_row][vc_column width=&#8221;1\/5&#8243;][vc_single_image image=&#8221;11698&#8243; img_size=&#8221;full&#8221; alignment=&#8221;center&#8221; style=&#8221;vc_box_rounded&#8221; onclick=&#8221;custom_link&#8221; link=&#8221;http:\/\/www.cdlbc.com.br\/portal\/wp-content\/uploads\/2020\/04\/202004-cartilha-novas-regras-de-funcionamento.pdf&#8221;][\/vc_column][vc_column width=&#8221;1\/5&#8243;][vc_single_image image=&#8221;11707&#8243; img_size=&#8221;full&#8221; alignment=&#8221;center&#8221; style=&#8221;vc_box_rounded&#8221; onclick=&#8221;custom_link&#8221; link=&#8221;http:\/\/www.cdlbc.com.br\/portal\/wp-content\/uploads\/2020\/04\/202004-cartilha-corona.pdf&#8221;][\/vc_column][vc_column width=&#8221;1\/5&#8243;][vc_single_image image=&#8221;11718&#8243; img_size=&#8221;full&#8221; alignment=&#8221;center&#8221; style=&#8221;vc_box_rounded&#8221; onclick=&#8221;custom_link&#8221; link=&#8221;http:\/\/www.cdlbc.com.br\/portal\/wp-content\/uploads\/2020\/04\/20200415-cartilha-orientacao-bancaria.pdf&#8221;][\/vc_column][vc_column width=&#8221;1\/5&#8243;][vc_single_image image=&#8221;11721&#8243; img_size=&#8221;full&#8221; alignment=&#8221;center&#8221; style=&#8221;vc_box_rounded&#8221; onclick=&#8221;custom_link&#8221; link=&#8221;http:\/\/www.cdlbc.com.br\/portal\/wp-content\/uploads\/2020\/04\/202004-cartilha-reme\u0301dios-juri\u0301dicos.pdf&#8221;][\/vc_column][vc_column width=&#8221;1\/5&#8243;][vc_single_image image=&#8221;11894&#8243; img_size=&#8221;full&#8221; alignment=&#8221;center&#8221; style=&#8221;vc_box_rounded&#8221; onclick=&#8221;custom_link&#8221; link=&#8221;http:\/\/www.cdlbc.com.br\/portal\/wp-content\/uploads\/2020\/07\/202007-Cartilha-Protocolo-Sabino.pdf&#8221;][\/vc_column][\/vc_row][vc_row][vc_column][vc_empty_space height=&#8221;50px&#8221;][vc_text_separator title=&#8221;NOT\u00cdCIAS RELACIONADAS&#8221; title_align=&#8221;separator_align_left&#8221;][vc_empty_space][vc_basic_grid post_type=&#8221;post&#8221; max_items=&#8221;20&#8243; style=&#8221;load-more&#8221; items_per_page=&#8221;8&#8243; element_width=&#8221;3&#8243; btn_title=&#8221;Carregar mais not\u00edcias&#8221; btn_color=&#8221;primary&#8221; grid_id=&#8221;vc_gid:1595017902263-6d3f8e38-e3a0-4&#8243; taxonomies=&#8221;141&#8243;][\/vc_column][\/vc_row][vc_row][vc_column][vc_empty_space height=&#8221;50px&#8221;][vc_text_separator title=&#8221;SITES \u00daTEIS&#8221; title_align=&#8221;separator_align_left&#8221;][vc_empty_space][vc_column_text] [&hellip;]<\/p>\n","protected":false},"author":1,"featured_media":0,"parent":0,"menu_order":0,"comment_status":"closed","ping_status":"closed","template":"","meta":{"footnotes":""},"class_list":["post-11693","page","type-page","status-publish","hentry","no-post-thumbnail"],"_links":{"self":[{"href":"https:\/\/www.cdlbc.com.br\/portal\/wp-json\/wp\/v2\/pages\/11693","targetHints":{"allow":["GET"]}}],"collection":[{"href":"https:\/\/www.cdlbc.com.br\/portal\/wp-json\/wp\/v2\/pages"}],"about":[{"href":"https:\/\/www.cdlbc.com.br\/portal\/wp-json\/wp\/v2\/types\/page"}],"author":[{"embeddable":true,"href":"https:\/\/www.cdlbc.com.br\/portal\/wp-json\/wp\/v2\/users\/1"}],"replies":[{"embeddable":true,"href":"https:\/\/www.cdlbc.com.br\/portal\/wp-json\/wp\/v2\/comments?post=11693"}],"version-history":[{"count":17,"href":"https:\/\/www.cdlbc.com.br\/portal\/wp-json\/wp\/v2\/pages\/11693\/revisions"}],"predecessor-version":[{"id":11896,"href":"https:\/\/www.cdlbc.com.br\/portal\/wp-json\/wp\/v2\/pages\/11693\/revisions\/11896"}],"wp:attachment":[{"href":"https:\/\/www.cdlbc.com.br\/portal\/wp-json\/wp\/v2\/media?parent=11693"}],"curies":[{"name":"wp","href":"https:\/\/api.w.org\/{rel}","templated":true}]}}